{"id":1045,"date":"2026-02-16T18:30:05","date_gmt":"2026-02-16T21:30:05","guid":{"rendered":"http:\/\/localhost\/wordpress-6.8.3-pt_BR\/wordpress\/?page_id=1045"},"modified":"2026-02-16T20:05:34","modified_gmt":"2026-02-16T23:05:34","slug":"sobre-nos-2","status":"publish","type":"page","link":"https:\/\/associacaoasas.org.br\/index.php\/sobre-nos-2\/","title":{"rendered":"Sobre n\u00f3s."},"content":{"rendered":"\t\t<div data-elementor-type=\"wp-page\" data-elementor-id=\"1045\" class=\"elementor elementor-1045\" data-elementor-post-type=\"page\">\n\t\t\t\t<div class=\"elementor-element elementor-element-1b2261b e-flex e-con-boxed e-con e-parent\" data-id=\"1b2261b\" data-element_type=\"container\" data-e-type=\"container\">\n\t\t\t\t\t<div class=\"e-con-inner\">\n\t\t\t\t<div class=\"elementor-element elementor-element-1bbef8b elementor-cta--skin-cover elementor-widget__width-inherit elementor-absolute elementor-animated-content elementor-bg-transform elementor-bg-transform-zoom-in elementor-widget elementor-widget-call-to-action\" data-id=\"1bbef8b\" data-element_type=\"widget\" data-e-type=\"widget\" data-settings=\"{&quot;_position&quot;:&quot;absolute&quot;}\" data-widget_type=\"call-to-action.default\">\n\t\t\t\t\t\t\t<div class=\"elementor-cta\">\n\t\t\t\t\t<div class=\"elementor-cta__bg-wrapper\">\n\t\t\t\t<div class=\"elementor-cta__bg elementor-bg\" style=\"background-image: url(https:\/\/associacaoasas.org.br\/wp-content\/uploads\/2025\/11\/Gemini_Generated_Image_f1c3b7f1c3b7f1c3.png);\" role=\"img\" aria-label=\"Gemini_Generated_Image_f1c3b7f1c3b7f1c3\"><\/div>\n\t\t\t\t<div class=\"elementor-cta__bg-overlay\"><\/div>\n\t\t\t<\/div>\n\t\t\t\t\t\t\t<div class=\"elementor-cta__content\">\n\t\t\t\t\n\t\t\t\t\t\t\t\t\t<h2 class=\"elementor-cta__title elementor-cta__content-item elementor-content-item elementor-animated-item--grow\">\n\t\t\t\t\t\t\u201cTransformando vidas atrav\u00e9s da educa\u00e7\u00e3o e da for\u00e7a da comunidade.\u201d\t\t\t\t\t<\/h2>\n\t\t\t\t\n\t\t\t\t\n\t\t\t\t\t\t\t<\/div>\n\t\t\t\t\t\t<\/div>\n\t\t\t\t\t\t<\/div>\n\t\t\t\t\t<\/div>\n\t\t\t\t<\/div>\n\t\t<div class=\"elementor-element elementor-element-9c874e1 e-flex e-con-boxed e-con e-parent\" data-id=\"9c874e1\" data-element_type=\"container\" data-e-type=\"container\" data-settings=\"{&quot;background_background&quot;:&quot;classic&quot;,&quot;shape_divider_top&quot;:&quot;mountains&quot;}\">\n\t\t\t\t\t<div class=\"e-con-inner\">\n\t\t\t\t<div class=\"elementor-shape elementor-shape-top\" aria-hidden=\"true\" data-negative=\"false\">\n\t\t\t<svg xmlns=\"http:\/\/www.w3.org\/2000\/svg\" viewBox=\"0 0 1000 100\" preserveAspectRatio=\"none\">\n\t<path class=\"elementor-shape-fill\" opacity=\"0.33\" d=\"M473,67.3c-203.9,88.3-263.1-34-320.3,0C66,119.1,0,59.7,0,59.7V0h1000v59.7 c0,0-62.1,26.1-94.9,29.3c-32.8,3.3-62.8-12.3-75.8-22.1C806,49.6,745.3,8.7,694.9,4.7S492.4,59,473,67.3z\"\/>\n\t<path class=\"elementor-shape-fill\" opacity=\"0.66\" d=\"M734,67.3c-45.5,0-77.2-23.2-129.1-39.1c-28.6-8.7-150.3-10.1-254,39.1 s-91.7-34.4-149.2,0C115.7,118.3,0,39.8,0,39.8V0h1000v36.5c0,0-28.2-18.5-92.1-18.5C810.2,18.1,775.7,67.3,734,67.3z\"\/>\n\t<path class=\"elementor-shape-fill\" d=\"M766.1,28.9c-200-57.5-266,65.5-395.1,19.5C242,1.8,242,5.4,184.8,20.6C128,35.8,132.3,44.9,89.9,52.5C28.6,63.7,0,0,0,0 h1000c0,0-9.9,40.9-83.6,48.1S829.6,47,766.1,28.9z\"\/>\n<\/svg>\t\t<\/div>\n\t\t\t\t<div class=\"elementor-element elementor-element-54d3b25 elementor-widget elementor-widget-text-editor\" data-id=\"54d3b25\" data-element_type=\"widget\" data-e-type=\"widget\" data-widget_type=\"text-editor.default\">\n\t\t\t\t\t\t\t\t\t<h1 data-start=\"192\" data-end=\"207\">\u00a0<\/h1><h1 data-start=\"192\" data-end=\"207\">\u00a0<\/h1><h1 data-start=\"192\" data-end=\"207\">\u00a0QUEM SOMOS<\/h1><p data-start=\"209\" data-end=\"343\">Fundada em <strong data-start=\"220\" data-end=\"243\">22 de mar\u00e7o de 2011<\/strong>, a <strong data-start=\"247\" data-end=\"255\">ASAS<\/strong> nasceu com o prop\u00f3sito de transformar realidades por meio da educa\u00e7\u00e3o e da a\u00e7\u00e3o social.<\/p><p data-start=\"345\" data-end=\"615\">H\u00e1 <strong data-start=\"348\" data-end=\"359\">13 anos<\/strong>, atuamos promovendo inclus\u00e3o, desenvolvimento humano e fortalecimento comunit\u00e1rio. Ao longo dessa trajet\u00f3ria, j\u00e1 alcan\u00e7amos <strong data-start=\"484\" data-end=\"502\">38 comunidades<\/strong>, mobilizando pessoas, criando oportunidades e construindo caminhos mais justos para crian\u00e7as, jovens e fam\u00edlias.<\/p><p data-start=\"617\" data-end=\"813\">Acreditamos que a educa\u00e7\u00e3o \u00e9 a ferramenta mais poderosa de transforma\u00e7\u00e3o social. Por isso, nossas a\u00e7\u00f5es s\u00e3o voltadas para o acolhimento, a forma\u00e7\u00e3o cidad\u00e3 e o est\u00edmulo ao protagonismo comunit\u00e1rio.<\/p><p data-start=\"815\" data-end=\"973\">Hoje, contamos com o apoio de <strong data-start=\"845\" data-end=\"863\">240 mutirantes<\/strong>, pessoas que dedicam tempo, esfor\u00e7o e amor para fazer a diferen\u00e7a onde mais importa: nas vidas que atendemos.<\/p><h1 data-start=\"980\" data-end=\"998\">NOSSO IMPACTO<\/h1><ul data-start=\"1000\" data-end=\"1121\"><li data-start=\"1000\" data-end=\"1024\"><p data-start=\"1002\" data-end=\"1024\">\u2705 13 anos de atua\u00e7\u00e3o<\/p><\/li><li data-start=\"1025\" data-end=\"1055\"><p data-start=\"1027\" data-end=\"1055\">\u2705 38 comunidades atendidas<\/p><\/li><li data-start=\"1056\" data-end=\"1086\"><p data-start=\"1058\" data-end=\"1086\">\u2705 240 mutirantes engajados<\/p><\/li><li data-start=\"1087\" data-end=\"1121\"><p data-start=\"1089\" data-end=\"1121\">\u2705 Centenas de vidas impactadas<\/p><\/li><\/ul><h1 data-start=\"1128\" data-end=\"1145\">NOSSA MISS\u00c3O<\/h1><p data-start=\"1147\" data-end=\"1287\">Promover inclus\u00e3o social por meio da educa\u00e7\u00e3o e da mobiliza\u00e7\u00e3o comunit\u00e1ria, ampliando oportunidades e fortalecendo o desenvolvimento humano.<\/p><h1 data-start=\"1294\" data-end=\"1310\">NOSSA VIS\u00c3O<\/h1><p data-start=\"1312\" data-end=\"1413\">Ser refer\u00eancia em a\u00e7\u00f5es sociais e educacionais que transformam comunidades e inspiram novas gera\u00e7\u00f5es.<\/p><h1 data-start=\"1420\" data-end=\"1439\">NOSSOS VALORES<\/h1><ul data-start=\"1441\" data-end=\"1535\"><li data-start=\"1441\" data-end=\"1463\"><p data-start=\"1443\" data-end=\"1463\">Compromisso social<\/p><\/li><li data-start=\"1464\" data-end=\"1481\"><p data-start=\"1466\" data-end=\"1481\">Transpar\u00eancia<\/p><\/li><li data-start=\"1482\" data-end=\"1499\"><p data-start=\"1484\" data-end=\"1499\">Solidariedade<\/p><\/li><li data-start=\"1500\" data-end=\"1512\"><p data-start=\"1502\" data-end=\"1512\">Respeito<\/p><\/li><li data-start=\"1513\" data-end=\"1525\"><p data-start=\"1515\" data-end=\"1525\">Inclus\u00e3o<\/p><\/li><li data-start=\"1526\" data-end=\"1535\"><p data-start=\"1528\" data-end=\"1535\">\u00c9tica<\/p><\/li><\/ul><h1 data-start=\"1542\" data-end=\"1564\">NOSSO COMPROMISSO<\/h1><p data-start=\"1566\" data-end=\"1683\">A ASAS acredita que cada pessoa carrega potencial para voar mais alto quando recebe apoio, orienta\u00e7\u00e3o e oportunidade.<\/p><p data-start=\"1685\" data-end=\"1827\">Seguimos trabalhando com responsabilidade e dedica\u00e7\u00e3o, fortalecendo la\u00e7os, ampliando horizontes e construindo um futuro mais digno para todos.<\/p>\t\t\t\t\t\t\t\t<\/div>\n\t\t\t\t\t<\/div>\n\t\t\t\t<\/div>\n\t\t\t\t<\/div>\n\t\t","protected":false},"excerpt":{"rendered":"<p>\u201cTransformando vidas atrav\u00e9s da educa\u00e7\u00e3o e da for\u00e7a da comunidade.\u201d \u00a0 \u00a0 \u00a0QUEM SOMOS Fundada em 22 de mar\u00e7o de 2011, a ASAS nasceu com o prop\u00f3sito de transformar realidades por meio da educa\u00e7\u00e3o e da a\u00e7\u00e3o social. H\u00e1 13 anos, atuamos promovendo inclus\u00e3o, desenvolvimento humano e fortalecimento comunit\u00e1rio. Ao longo dessa trajet\u00f3ria, j\u00e1 alcan\u00e7amos [&hellip;]<\/p>\n","protected":false},"author":1,"featured_media":0,"parent":0,"menu_order":0,"comment_status":"closed","ping_status":"closed","template":"","meta":{"_acf_changed":false,"footnotes":""},"class_list":["post-1045","page","type-page","status-publish","hentry"],"acf":[],"yoast_head":"<!-- This site is optimized with the Yoast SEO plugin v27.4 - https:\/\/yoast.com\/product\/yoast-seo-wordpress\/ -->\n<title>Sobre n\u00f3s. - PORTAL ASAS<\/title>\n<meta name=\"robots\" content=\"index, follow, max-snippet:-1, max-image-preview:large, max-video-preview:-1\" \/>\n<link rel=\"canonical\" href=\"https:\/\/associacaoasas.org.br\/index.php\/sobre-nos-2\/\" \/>\n<meta property=\"og:locale\" content=\"pt_BR\" \/>\n<meta property=\"og:type\" content=\"article\" \/>\n<meta property=\"og:title\" content=\"Sobre n\u00f3s. - PORTAL ASAS\" \/>\n<meta property=\"og:description\" content=\"\u201cTransformando vidas atrav\u00e9s da educa\u00e7\u00e3o e da for\u00e7a da comunidade.\u201d \u00a0 \u00a0 \u00a0QUEM SOMOS Fundada em 22 de mar\u00e7o de 2011, a ASAS nasceu com o prop\u00f3sito de transformar realidades por meio da educa\u00e7\u00e3o e da a\u00e7\u00e3o social. H\u00e1 13 anos, atuamos promovendo inclus\u00e3o, desenvolvimento humano e fortalecimento comunit\u00e1rio. Ao longo dessa trajet\u00f3ria, j\u00e1 alcan\u00e7amos [&hellip;]\" \/>\n<meta property=\"og:url\" content=\"https:\/\/associacaoasas.org.br\/index.php\/sobre-nos-2\/\" \/>\n<meta property=\"og:site_name\" content=\"PORTAL ASAS\" \/>\n<meta property=\"article:modified_time\" content=\"2026-02-16T23:05:34+00:00\" \/>\n<meta name=\"twitter:card\" content=\"summary_large_image\" \/>\n<meta name=\"twitter:label1\" content=\"Est. tempo de leitura\" \/>\n\t<meta name=\"twitter:data1\" content=\"3 minutos\" \/>\n<script type=\"application\/ld+json\" class=\"yoast-schema-graph\">{\"@context\":\"https:\\\/\\\/schema.org\",\"@graph\":[{\"@type\":\"WebPage\",\"@id\":\"https:\\\/\\\/associacaoasas.org.br\\\/index.php\\\/sobre-nos-2\\\/\",\"url\":\"https:\\\/\\\/associacaoasas.org.br\\\/index.php\\\/sobre-nos-2\\\/\",\"name\":\"Sobre n\u00f3s. - PORTAL ASAS\",\"isPartOf\":{\"@id\":\"https:\\\/\\\/associacaoasas.org.br\\\/#website\"},\"datePublished\":\"2026-02-16T21:30:05+00:00\",\"dateModified\":\"2026-02-16T23:05:34+00:00\",\"breadcrumb\":{\"@id\":\"https:\\\/\\\/associacaoasas.org.br\\\/index.php\\\/sobre-nos-2\\\/#breadcrumb\"},\"inLanguage\":\"pt-BR\",\"potentialAction\":[{\"@type\":\"ReadAction\",\"target\":[\"https:\\\/\\\/associacaoasas.org.br\\\/index.php\\\/sobre-nos-2\\\/\"]}]},{\"@type\":\"BreadcrumbList\",\"@id\":\"https:\\\/\\\/associacaoasas.org.br\\\/index.php\\\/sobre-nos-2\\\/#breadcrumb\",\"itemListElement\":[{\"@type\":\"ListItem\",\"position\":1,\"name\":\"In\u00edcio\",\"item\":\"https:\\\/\\\/associacaoasas.org.br\\\/\"},{\"@type\":\"ListItem\",\"position\":2,\"name\":\"Sobre n\u00f3s.\"}]},{\"@type\":\"WebSite\",\"@id\":\"https:\\\/\\\/associacaoasas.org.br\\\/#website\",\"url\":\"https:\\\/\\\/associacaoasas.org.br\\\/\",\"name\":\"PORTAL ASAS\",\"description\":\"\",\"publisher\":{\"@id\":\"https:\\\/\\\/associacaoasas.org.br\\\/#organization\"},\"potentialAction\":[{\"@type\":\"SearchAction\",\"target\":{\"@type\":\"EntryPoint\",\"urlTemplate\":\"https:\\\/\\\/associacaoasas.org.br\\\/?s={search_term_string}\"},\"query-input\":{\"@type\":\"PropertyValueSpecification\",\"valueRequired\":true,\"valueName\":\"search_term_string\"}}],\"inLanguage\":\"pt-BR\"},{\"@type\":\"Organization\",\"@id\":\"https:\\\/\\\/associacaoasas.org.br\\\/#organization\",\"name\":\"PORTAL ASAS\",\"url\":\"https:\\\/\\\/associacaoasas.org.br\\\/\",\"logo\":{\"@type\":\"ImageObject\",\"inLanguage\":\"pt-BR\",\"@id\":\"https:\\\/\\\/associacaoasas.org.br\\\/#\\\/schema\\\/logo\\\/image\\\/\",\"url\":\"https:\\\/\\\/associacaoasas.org.br\\\/wp-content\\\/uploads\\\/2025\\\/10\\\/Gemini_Generated_Image_6p3dl46p3dl46p3d-removebg-preview-2.png\",\"contentUrl\":\"https:\\\/\\\/associacaoasas.org.br\\\/wp-content\\\/uploads\\\/2025\\\/10\\\/Gemini_Generated_Image_6p3dl46p3dl46p3d-removebg-preview-2.png\",\"width\":566,\"height\":440,\"caption\":\"PORTAL ASAS\"},\"image\":{\"@id\":\"https:\\\/\\\/associacaoasas.org.br\\\/#\\\/schema\\\/logo\\\/image\\\/\"}}]}<\/script>\n<!-- \/ Yoast SEO plugin. -->","yoast_head_json":{"title":"Sobre n\u00f3s. - PORTAL ASAS","robots":{"index":"index","follow":"follow","max-snippet":"max-snippet:-1","max-image-preview":"max-image-preview:large","max-video-preview":"max-video-preview:-1"},"canonical":"https:\/\/associacaoasas.org.br\/index.php\/sobre-nos-2\/","og_locale":"pt_BR","og_type":"article","og_title":"Sobre n\u00f3s. - PORTAL ASAS","og_description":"\u201cTransformando vidas atrav\u00e9s da educa\u00e7\u00e3o e da for\u00e7a da comunidade.\u201d \u00a0 \u00a0 \u00a0QUEM SOMOS Fundada em 22 de mar\u00e7o de 2011, a ASAS nasceu com o prop\u00f3sito de transformar realidades por meio da educa\u00e7\u00e3o e da a\u00e7\u00e3o social. H\u00e1 13 anos, atuamos promovendo inclus\u00e3o, desenvolvimento humano e fortalecimento comunit\u00e1rio. Ao longo dessa trajet\u00f3ria, j\u00e1 alcan\u00e7amos [&hellip;]","og_url":"https:\/\/associacaoasas.org.br\/index.php\/sobre-nos-2\/","og_site_name":"PORTAL ASAS","article_modified_time":"2026-02-16T23:05:34+00:00","twitter_card":"summary_large_image","twitter_misc":{"Est. tempo de leitura":"3 minutos"},"schema":{"@context":"https:\/\/schema.org","@graph":[{"@type":"WebPage","@id":"https:\/\/associacaoasas.org.br\/index.php\/sobre-nos-2\/","url":"https:\/\/associacaoasas.org.br\/index.php\/sobre-nos-2\/","name":"Sobre n\u00f3s. - PORTAL ASAS","isPartOf":{"@id":"https:\/\/associacaoasas.org.br\/#website"},"datePublished":"2026-02-16T21:30:05+00:00","dateModified":"2026-02-16T23:05:34+00:00","breadcrumb":{"@id":"https:\/\/associacaoasas.org.br\/index.php\/sobre-nos-2\/#breadcrumb"},"inLanguage":"pt-BR","potentialAction":[{"@type":"ReadAction","target":["https:\/\/associacaoasas.org.br\/index.php\/sobre-nos-2\/"]}]},{"@type":"BreadcrumbList","@id":"https:\/\/associacaoasas.org.br\/index.php\/sobre-nos-2\/#breadcrumb","itemListElement":[{"@type":"ListItem","position":1,"name":"In\u00edcio","item":"https:\/\/associacaoasas.org.br\/"},{"@type":"ListItem","position":2,"name":"Sobre n\u00f3s."}]},{"@type":"WebSite","@id":"https:\/\/associacaoasas.org.br\/#website","url":"https:\/\/associacaoasas.org.br\/","name":"PORTAL ASAS","description":"","publisher":{"@id":"https:\/\/associacaoasas.org.br\/#organization"},"potentialAction":[{"@type":"SearchAction","target":{"@type":"EntryPoint","urlTemplate":"https:\/\/associacaoasas.org.br\/?s={search_term_string}"},"query-input":{"@type":"PropertyValueSpecification","valueRequired":true,"valueName":"search_term_string"}}],"inLanguage":"pt-BR"},{"@type":"Organization","@id":"https:\/\/associacaoasas.org.br\/#organization","name":"PORTAL ASAS","url":"https:\/\/associacaoasas.org.br\/","logo":{"@type":"ImageObject","inLanguage":"pt-BR","@id":"https:\/\/associacaoasas.org.br\/#\/schema\/logo\/image\/","url":"https:\/\/associacaoasas.org.br\/wp-content\/uploads\/2025\/10\/Gemini_Generated_Image_6p3dl46p3dl46p3d-removebg-preview-2.png","contentUrl":"https:\/\/associacaoasas.org.br\/wp-content\/uploads\/2025\/10\/Gemini_Generated_Image_6p3dl46p3dl46p3d-removebg-preview-2.png","width":566,"height":440,"caption":"PORTAL ASAS"},"image":{"@id":"https:\/\/associacaoasas.org.br\/#\/schema\/logo\/image\/"}}]}},"_hostinger_reach_plugin_has_subscription_block":false,"_hostinger_reach_plugin_is_elementor":false,"_links":{"self":[{"href":"https:\/\/associacaoasas.org.br\/index.php\/wp-json\/wp\/v2\/pages\/1045","targetHints":{"allow":["GET"]}}],"collection":[{"href":"https:\/\/associacaoasas.org.br\/index.php\/wp-json\/wp\/v2\/pages"}],"about":[{"href":"https:\/\/associacaoasas.org.br\/index.php\/wp-json\/wp\/v2\/types\/page"}],"author":[{"embeddable":true,"href":"https:\/\/associacaoasas.org.br\/index.php\/wp-json\/wp\/v2\/users\/1"}],"replies":[{"embeddable":true,"href":"https:\/\/associacaoasas.org.br\/index.php\/wp-json\/wp\/v2\/comments?post=1045"}],"version-history":[{"count":10,"href":"https:\/\/associacaoasas.org.br\/index.php\/wp-json\/wp\/v2\/pages\/1045\/revisions"}],"predecessor-version":[{"id":1056,"href":"https:\/\/associacaoasas.org.br\/index.php\/wp-json\/wp\/v2\/pages\/1045\/revisions\/1056"}],"wp:attachment":[{"href":"https:\/\/associacaoasas.org.br\/index.php\/wp-json\/wp\/v2\/media?parent=1045"}],"curies":[{"name":"wp","href":"https:\/\/api.w.org\/{rel}","templated":true}]}}