{"id":76,"date":"2025-10-18T00:12:27","date_gmt":"2025-10-18T03:12:27","guid":{"rendered":"http:\/\/localhost\/wordpress-6.8.3-pt_BR\/wordpress\/?page_id=76"},"modified":"2026-04-10T18:09:15","modified_gmt":"2026-04-10T21:09:15","slug":"transparencia","status":"publish","type":"page","link":"https:\/\/associacaoasas.org.br\/index.php\/transparencia\/","title":{"rendered":"Transpar\u00eancia"},"content":{"rendered":"\t\t<div data-elementor-type=\"wp-page\" data-elementor-id=\"76\" class=\"elementor elementor-76\" data-elementor-post-type=\"page\">\n\t\t\t\t<div class=\"elementor-element elementor-element-9d4c841 e-flex e-con-boxed e-con e-parent\" data-id=\"9d4c841\" data-element_type=\"container\" data-e-type=\"container\">\n\t\t\t\t\t<div class=\"e-con-inner\">\n\t\t\t\t<div class=\"elementor-element elementor-element-ab2d2c8 elementor-cta--skin-cover elementor-widget__width-inherit elementor-absolute elementor-bg-transform elementor-bg-transform-move-down elementor-cta--valign-bottom elementor-widget elementor-widget-call-to-action\" data-id=\"ab2d2c8\" data-element_type=\"widget\" data-e-type=\"widget\" data-settings=\"{&quot;_position&quot;:&quot;absolute&quot;}\" data-widget_type=\"call-to-action.default\">\n\t\t\t\t\t\t\t<div class=\"elementor-cta\">\n\t\t\t\t\t<div class=\"elementor-cta__bg-wrapper\">\n\t\t\t\t<div class=\"elementor-cta__bg elementor-bg\" style=\"background-image: url(https:\/\/associacaoasas.org.br\/wp-content\/uploads\/2025\/10\/agencia-de-marketing-autentica-pequena-e-jovem-1-1.jpg);\" role=\"img\" aria-label=\"agencia-de-marketing-autentica-pequena-e-jovem (1)\"><\/div>\n\t\t\t\t<div class=\"elementor-cta__bg-overlay\"><\/div>\n\t\t\t<\/div>\n\t\t\t\t\t\t\t<div class=\"elementor-cta__content\">\n\t\t\t\t\n\t\t\t\t\t\t\t\t\t<h2 class=\"elementor-cta__title elementor-cta__content-item elementor-content-item\">\n\t\t\t\t\t\tPortal da Transpar\u00eancia Institucional da Associa\u00e7\u00e3o ASAS\t\t\t\t\t<\/h2>\n\t\t\t\t\n\t\t\t\t\t\t\t\t\t<div class=\"elementor-cta__description elementor-cta__content-item elementor-content-item\">\n\t\t\t\t\t\tA Associa\u00e7\u00e3o ASAS opera com total transpar\u00eancia junto aos \u00f3rg\u00e3os p\u00fablicos, envolvendo conduta dentro do c\u00f3digo de \u00e9tica estipulado pelo contratante, monitoramento e acompanhamento de todas as etapas dos trabalhos executados, de modo a que a popula\u00e7\u00e3o e a sa\u00fade p\u00fablica possa acompanhar nossas a\u00e7\u00f5es. Relat\u00f3rios e presta\u00e7\u00f5es de contas s\u00e3o entregues dentro das datas estipuladas, sendo colocado, inclusive, \u00e0 disposi\u00e7\u00e3o da popula\u00e7\u00e3o.\n\nAo tornar p\u00fablico esses dados, mais do que atender \u00e0 Lei de Acesso \u00e0 Informa\u00e7\u00e3o (n\u00ba12.527\/11) demonstramos transpar\u00eancia em todas as etapas dos nossos processos.\n\nRaz\u00e3o Social: ASSOCIA\u00c7\u00c3O PARA SERVI\u00c7OS DE ATENDIMENTO SOCIAL\nCNPJ: 13.417.794\/0001-35\t\t\t\t\t<\/div>\n\t\t\t\t\n\t\t\t\t\t\t\t<\/div>\n\t\t\t\t\t\t\t<div class=\"elementor-ribbon elementor-ribbon-right\">\n\t\t\t\t<div class=\"elementor-ribbon-inner\">\n\t\t\t\t\tPortal\t\t\t\t<\/div>\n\t\t\t<\/div>\n\t\t\t\t<\/div>\n\t\t\t\t\t\t<\/div>\n\t\t\t\t\t<\/div>\n\t\t\t\t<\/div>\n\t\t<div class=\"elementor-element elementor-element-d587a0a e-flex e-con-boxed e-con e-parent\" data-id=\"d587a0a\" data-element_type=\"container\" data-e-type=\"container\" data-settings=\"{&quot;background_background&quot;:&quot;classic&quot;}\">\n\t\t\t\t\t<div class=\"e-con-inner\">\n\t\t\t\t<div class=\"elementor-element elementor-element-caec305 elementor-widget elementor-widget-heading\" data-id=\"caec305\" data-element_type=\"widget\" data-e-type=\"widget\" data-widget_type=\"heading.default\">\n\t\t\t\t\t<h2 class=\"elementor-heading-title elementor-size-default\">PROJETOS<\/h2>\t\t\t\t<\/div>\n\t\t\t\t\t<\/div>\n\t\t\t\t<\/div>\n\t\t<div class=\"elementor-element elementor-element-d95a54e e-flex e-con-boxed e-con e-parent\" data-id=\"d95a54e\" data-element_type=\"container\" data-e-type=\"container\">\n\t\t\t\t\t<div class=\"e-con-inner\">\n\t\t\t\t<div class=\"elementor-element elementor-element-b7d714b elementor-widget elementor-widget-heading\" data-id=\"b7d714b\" data-element_type=\"widget\" data-e-type=\"widget\" data-widget_type=\"heading.default\">\n\t\t\t\t\t<h2 class=\"elementor-heading-title elementor-size-default\">Selecione o projeto<\/h2>\t\t\t\t<\/div>\n\t\t\t\t\t<\/div>\n\t\t\t\t<\/div>\n\t\t<div class=\"elementor-element elementor-element-076b4f1 e-flex e-con-boxed e-con e-parent\" data-id=\"076b4f1\" data-element_type=\"container\" data-e-type=\"container\">\n\t\t\t\t\t<div class=\"e-con-inner\">\n\t\t<div class=\"elementor-element elementor-element-323f80d e-con-full e-flex e-con e-child\" data-id=\"323f80d\" data-element_type=\"container\" data-e-type=\"container\">\n\t\t\t\t<div class=\"elementor-element elementor-element-4e7a6e7 elementor-widget elementor-widget-heading\" data-id=\"4e7a6e7\" data-element_type=\"widget\" data-e-type=\"widget\" data-widget_type=\"heading.default\">\n\t\t\t\t\t<h2 class=\"elementor-heading-title elementor-size-default\">Gest\u00e3o pinheiral<\/h2>\t\t\t\t<\/div>\n\t\t\t\t<div class=\"elementor-element elementor-element-ce02662 elementor-widget-mobile__width-initial elementor-widget elementor-widget-image\" data-id=\"ce02662\" data-element_type=\"widget\" data-e-type=\"widget\" data-widget_type=\"image.default\">\n\t\t\t\t\t\t\t\t\t\t\t\t\t\t\t\t<a href=\"https:\/\/associacaoasas.org.br\/index.php\/gestao-pinheiral\/\">\n\t\t\t\t\t\t\t<img fetchpriority=\"high\" decoding=\"async\" width=\"747\" height=\"750\" src=\"https:\/\/associacaoasas.org.br\/wp-content\/uploads\/2025\/11\/BANNER-QUADRADO-PINHEIRAL_files.png\" class=\"attachment-large size-large wp-image-799\" alt=\"\" \/>\t\t\t\t\t\t\t\t<\/a>\n\t\t\t\t\t\t\t\t\t\t\t\t\t\t\t<\/div>\n\t\t\t\t<\/div>\n\t\t<div class=\"elementor-element elementor-element-0ed2604 e-con-full e-flex e-con e-child\" data-id=\"0ed2604\" data-element_type=\"container\" data-e-type=\"container\">\n\t\t<div class=\"elementor-element elementor-element-7f12abd e-con-full e-flex e-con e-child\" data-id=\"7f12abd\" data-element_type=\"container\" data-e-type=\"container\">\n\t\t\t\t<div class=\"elementor-element elementor-element-58b4830 elementor-widget elementor-widget-heading\" data-id=\"58b4830\" data-element_type=\"widget\" data-e-type=\"widget\" data-widget_type=\"heading.default\">\n\t\t\t\t\t<h2 class=\"elementor-heading-title elementor-size-default\">Minist\u00e9rio do esporte<\/h2>\t\t\t\t<\/div>\n\t\t\t\t<div class=\"elementor-element elementor-element-8c95bec elementor-widget elementor-widget-image\" data-id=\"8c95bec\" data-element_type=\"widget\" data-e-type=\"widget\" data-widget_type=\"image.default\">\n\t\t\t\t\t\t\t\t\t\t\t\t\t\t\t\t<a href=\"https:\/\/associacaoasas.org.br\/index.php\/ministerio-do-esporte\/\">\n\t\t\t\t\t\t\t<img decoding=\"async\" width=\"300\" height=\"168\" src=\"https:\/\/associacaoasas.org.br\/wp-content\/uploads\/2025\/11\/BANNER-QUADRADO-MINISTERIO-DO-ESPORTE.png\" class=\"attachment-medium size-medium wp-image-814\" alt=\"\" \/>\t\t\t\t\t\t\t\t<\/a>\n\t\t\t\t\t\t\t\t\t\t\t\t\t\t\t<\/div>\n\t\t\t\t<\/div>\n\t\t\t\t<\/div>\n\t\t<div class=\"elementor-element elementor-element-a7ebad2 e-con-full e-flex e-con e-child\" data-id=\"a7ebad2\" data-element_type=\"container\" data-e-type=\"container\">\n\t\t\t\t<div class=\"elementor-element elementor-element-d955174 elementor-widget elementor-widget-heading\" data-id=\"d955174\" data-element_type=\"widget\" data-e-type=\"widget\" data-widget_type=\"heading.default\">\n\t\t\t\t\t<h2 class=\"elementor-heading-title elementor-size-default\">Documentos <\/h2>\t\t\t\t<\/div>\n\t\t\t\t<div class=\"elementor-element elementor-element-66cbf86 elementor-widget elementor-widget-image\" data-id=\"66cbf86\" data-element_type=\"widget\" data-e-type=\"widget\" data-widget_type=\"image.default\">\n\t\t\t\t\t\t\t\t\t\t\t\t<figure class=\"wp-caption\">\n\t\t\t\t\t\t\t\t\t\t\t<a href=\"https:\/\/associacaoasas.org.br\/index.php\/documento-asas\/\">\n\t\t\t\t\t\t\t<img decoding=\"async\" width=\"800\" height=\"800\" src=\"https:\/\/associacaoasas.org.br\/wp-content\/uploads\/2025\/10\/WhatsApp-Image-2025-10-13-at-17.41.53.png\" class=\"attachment-large size-large wp-image-112\" alt=\"\" \/>\t\t\t\t\t\t\t\t<\/a>\n\t\t\t\t\t\t\t\t\t\t\t<figcaption class=\"widget-image-caption wp-caption-text\"><\/figcaption>\n\t\t\t\t\t\t\t\t\t\t<\/figure>\n\t\t\t\t\t\t\t\t\t<\/div>\n\t\t\t\t<\/div>\n\t\t\t\t\t<\/div>\n\t\t\t\t<\/div>\n\t\t<div class=\"elementor-element elementor-element-ff15a41 e-flex e-con-boxed e-con e-parent\" data-id=\"ff15a41\" data-element_type=\"container\" data-e-type=\"container\">\n\t\t\t\t\t<div class=\"e-con-inner\">\n\t\t<div class=\"elementor-element elementor-element-2179928 e-con-full e-flex e-con e-child\" data-id=\"2179928\" data-element_type=\"container\" data-e-type=\"container\">\n\t\t\t\t<div class=\"elementor-element elementor-element-885fd86 elementor-widget elementor-widget-heading\" data-id=\"885fd86\" data-element_type=\"widget\" data-e-type=\"widget\" data-widget_type=\"heading.default\">\n\t\t\t\t\t<h2 class=\"elementor-heading-title elementor-size-default\">INSPIRA\u00c7\u00c3O ESPORTIVA<\/h2>\t\t\t\t<\/div>\n\t\t\t\t<div class=\"elementor-element elementor-element-a491593 elementor-widget-mobile__width-initial elementor-widget elementor-widget-image\" data-id=\"a491593\" data-element_type=\"widget\" data-e-type=\"widget\" data-widget_type=\"image.default\">\n\t\t\t\t\t\t\t\t\t\t\t\t\t\t\t<img loading=\"lazy\" decoding=\"async\" width=\"961\" height=\"1600\" src=\"https:\/\/associacaoasas.org.br\/wp-content\/uploads\/2026\/04\/WhatsApp-Image-2026-04-10-at-17.59.03.jpeg\" class=\"attachment-full size-full wp-image-1731\" alt=\"\" srcset=\"https:\/\/associacaoasas.org.br\/wp-content\/uploads\/2026\/04\/WhatsApp-Image-2026-04-10-at-17.59.03.jpeg 961w, https:\/\/associacaoasas.org.br\/wp-content\/uploads\/2026\/04\/WhatsApp-Image-2026-04-10-at-17.59.03-180x300.jpeg 180w, https:\/\/associacaoasas.org.br\/wp-content\/uploads\/2026\/04\/WhatsApp-Image-2026-04-10-at-17.59.03-615x1024.jpeg 615w, https:\/\/associacaoasas.org.br\/wp-content\/uploads\/2026\/04\/WhatsApp-Image-2026-04-10-at-17.59.03-768x1279.jpeg 768w, https:\/\/associacaoasas.org.br\/wp-content\/uploads\/2026\/04\/WhatsApp-Image-2026-04-10-at-17.59.03-923x1536.jpeg 923w\" sizes=\"(max-width: 961px) 100vw, 961px\" \/>\t\t\t\t\t\t\t\t\t\t\t\t\t\t\t<\/div>\n\t\t\t\t<\/div>\n\t\t<div class=\"elementor-element elementor-element-86f7798 e-con-full e-flex e-con e-child\" data-id=\"86f7798\" data-element_type=\"container\" data-e-type=\"container\">\n\t\t\t\t<\/div>\n\t\t<div class=\"elementor-element elementor-element-9a4af27 e-con-full e-flex e-con e-child\" data-id=\"9a4af27\" data-element_type=\"container\" data-e-type=\"container\">\n\t\t\t\t<div class=\"elementor-element elementor-element-787ac4b elementor-widget elementor-widget-heading\" data-id=\"787ac4b\" data-element_type=\"widget\" data-e-type=\"widget\" data-widget_type=\"heading.default\">\n\t\t\t\t\t<h2 class=\"elementor-heading-title elementor-size-default\">ITERJ<\/h2>\t\t\t\t<\/div>\n\t\t\t\t<div class=\"elementor-element elementor-element-779f88c elementor-widget elementor-widget-image\" data-id=\"779f88c\" data-element_type=\"widget\" data-e-type=\"widget\" data-widget_type=\"image.default\">\n\t\t\t\t\t\t\t\t\t\t\t\t\t\t\t\t<a href=\"https:\/\/associacaoasas.org.br\/index.php\/iterj\/\">\n\t\t\t\t\t\t\t<img loading=\"lazy\" decoding=\"async\" width=\"683\" height=\"1024\" src=\"https:\/\/associacaoasas.org.br\/wp-content\/uploads\/2026\/02\/WhatsApp-Image-2026-02-24-at-10.40.51-1-683x1024.jpeg\" class=\"attachment-large size-large wp-image-1222\" alt=\"\" srcset=\"https:\/\/associacaoasas.org.br\/wp-content\/uploads\/2026\/02\/WhatsApp-Image-2026-02-24-at-10.40.51-1-683x1024.jpeg 683w, https:\/\/associacaoasas.org.br\/wp-content\/uploads\/2026\/02\/WhatsApp-Image-2026-02-24-at-10.40.51-1-200x300.jpeg 200w, https:\/\/associacaoasas.org.br\/wp-content\/uploads\/2026\/02\/WhatsApp-Image-2026-02-24-at-10.40.51-1-768x1152.jpeg 768w, https:\/\/associacaoasas.org.br\/wp-content\/uploads\/2026\/02\/WhatsApp-Image-2026-02-24-at-10.40.51-1.jpeg 1024w\" sizes=\"(max-width: 683px) 100vw, 683px\" \/>\t\t\t\t\t\t\t\t<\/a>\n\t\t\t\t\t\t\t\t\t\t\t\t\t\t\t<\/div>\n\t\t\t\t<\/div>\n\t\t\t\t\t<\/div>\n\t\t\t\t<\/div>\n\t\t\t\t<\/div>\n\t\t","protected":false},"excerpt":{"rendered":"<p>Portal da Transpar\u00eancia Institucional da Associa\u00e7\u00e3o ASAS A Associa\u00e7\u00e3o ASAS opera com total transpar\u00eancia junto aos \u00f3rg\u00e3os p\u00fablicos, envolvendo conduta dentro do c\u00f3digo de \u00e9tica estipulado pelo contratante, monitoramento e acompanhamento de todas as etapas dos trabalhos executados, de modo a que a popula\u00e7\u00e3o e a sa\u00fade p\u00fablica possa acompanhar nossas a\u00e7\u00f5es. Relat\u00f3rios e presta\u00e7\u00f5es [&hellip;]<\/p>\n","protected":false},"author":1,"featured_media":0,"parent":0,"menu_order":0,"comment_status":"closed","ping_status":"closed","template":"","meta":{"_acf_changed":false,"footnotes":""},"class_list":["post-76","page","type-page","status-publish","hentry"],"acf":[],"yoast_head":"<!-- This site is optimized with the Yoast SEO plugin v27.4 - https:\/\/yoast.com\/product\/yoast-seo-wordpress\/ -->\n<title>Transpar\u00eancia - PORTAL ASAS<\/title>\n<meta name=\"robots\" content=\"index, follow, max-snippet:-1, max-image-preview:large, max-video-preview:-1\" \/>\n<link rel=\"canonical\" href=\"https:\/\/associacaoasas.org.br\/index.php\/transparencia\/\" \/>\n<meta property=\"og:locale\" content=\"pt_BR\" \/>\n<meta property=\"og:type\" content=\"article\" \/>\n<meta property=\"og:title\" content=\"Transpar\u00eancia - PORTAL ASAS\" \/>\n<meta property=\"og:description\" content=\"Portal da Transpar\u00eancia Institucional da Associa\u00e7\u00e3o ASAS A Associa\u00e7\u00e3o ASAS opera com total transpar\u00eancia junto aos \u00f3rg\u00e3os p\u00fablicos, envolvendo conduta dentro do c\u00f3digo de \u00e9tica estipulado pelo contratante, monitoramento e acompanhamento de todas as etapas dos trabalhos executados, de modo a que a popula\u00e7\u00e3o e a sa\u00fade p\u00fablica possa acompanhar nossas a\u00e7\u00f5es. Relat\u00f3rios e presta\u00e7\u00f5es [&hellip;]\" \/>\n<meta property=\"og:url\" content=\"https:\/\/associacaoasas.org.br\/index.php\/transparencia\/\" \/>\n<meta property=\"og:site_name\" content=\"PORTAL ASAS\" \/>\n<meta property=\"article:modified_time\" content=\"2026-04-10T21:09:15+00:00\" \/>\n<meta property=\"og:image\" content=\"https:\/\/associacaoasas.org.br\/wp-content\/uploads\/2025\/11\/BANNER-QUADRADO-PINHEIRAL_files.png\" \/>\n\t<meta property=\"og:image:width\" content=\"747\" \/>\n\t<meta property=\"og:image:height\" content=\"750\" \/>\n\t<meta property=\"og:image:type\" content=\"image\/png\" \/>\n<meta name=\"twitter:card\" content=\"summary_large_image\" \/>\n<meta name=\"twitter:label1\" content=\"Est. tempo de leitura\" \/>\n\t<meta name=\"twitter:data1\" content=\"2 minutos\" \/>\n<script type=\"application\/ld+json\" class=\"yoast-schema-graph\">{\"@context\":\"https:\\\/\\\/schema.org\",\"@graph\":[{\"@type\":\"WebPage\",\"@id\":\"https:\\\/\\\/associacaoasas.org.br\\\/index.php\\\/transparencia\\\/\",\"url\":\"https:\\\/\\\/associacaoasas.org.br\\\/index.php\\\/transparencia\\\/\",\"name\":\"Transpar\u00eancia - PORTAL ASAS\",\"isPartOf\":{\"@id\":\"https:\\\/\\\/associacaoasas.org.br\\\/#website\"},\"primaryImageOfPage\":{\"@id\":\"https:\\\/\\\/associacaoasas.org.br\\\/index.php\\\/transparencia\\\/#primaryimage\"},\"image\":{\"@id\":\"https:\\\/\\\/associacaoasas.org.br\\\/index.php\\\/transparencia\\\/#primaryimage\"},\"thumbnailUrl\":\"https:\\\/\\\/associacaoasas.org.br\\\/wp-content\\\/uploads\\\/2025\\\/11\\\/BANNER-QUADRADO-PINHEIRAL_files.png\",\"datePublished\":\"2025-10-18T03:12:27+00:00\",\"dateModified\":\"2026-04-10T21:09:15+00:00\",\"breadcrumb\":{\"@id\":\"https:\\\/\\\/associacaoasas.org.br\\\/index.php\\\/transparencia\\\/#breadcrumb\"},\"inLanguage\":\"pt-BR\",\"potentialAction\":[{\"@type\":\"ReadAction\",\"target\":[\"https:\\\/\\\/associacaoasas.org.br\\\/index.php\\\/transparencia\\\/\"]}]},{\"@type\":\"ImageObject\",\"inLanguage\":\"pt-BR\",\"@id\":\"https:\\\/\\\/associacaoasas.org.br\\\/index.php\\\/transparencia\\\/#primaryimage\",\"url\":\"https:\\\/\\\/associacaoasas.org.br\\\/wp-content\\\/uploads\\\/2025\\\/11\\\/BANNER-QUADRADO-PINHEIRAL_files.png\",\"contentUrl\":\"https:\\\/\\\/associacaoasas.org.br\\\/wp-content\\\/uploads\\\/2025\\\/11\\\/BANNER-QUADRADO-PINHEIRAL_files.png\",\"width\":747,\"height\":750},{\"@type\":\"BreadcrumbList\",\"@id\":\"https:\\\/\\\/associacaoasas.org.br\\\/index.php\\\/transparencia\\\/#breadcrumb\",\"itemListElement\":[{\"@type\":\"ListItem\",\"position\":1,\"name\":\"In\u00edcio\",\"item\":\"https:\\\/\\\/associacaoasas.org.br\\\/\"},{\"@type\":\"ListItem\",\"position\":2,\"name\":\"Transpar\u00eancia\"}]},{\"@type\":\"WebSite\",\"@id\":\"https:\\\/\\\/associacaoasas.org.br\\\/#website\",\"url\":\"https:\\\/\\\/associacaoasas.org.br\\\/\",\"name\":\"PORTAL ASAS\",\"description\":\"\",\"publisher\":{\"@id\":\"https:\\\/\\\/associacaoasas.org.br\\\/#organization\"},\"potentialAction\":[{\"@type\":\"SearchAction\",\"target\":{\"@type\":\"EntryPoint\",\"urlTemplate\":\"https:\\\/\\\/associacaoasas.org.br\\\/?s={search_term_string}\"},\"query-input\":{\"@type\":\"PropertyValueSpecification\",\"valueRequired\":true,\"valueName\":\"search_term_string\"}}],\"inLanguage\":\"pt-BR\"},{\"@type\":\"Organization\",\"@id\":\"https:\\\/\\\/associacaoasas.org.br\\\/#organization\",\"name\":\"PORTAL ASAS\",\"url\":\"https:\\\/\\\/associacaoasas.org.br\\\/\",\"logo\":{\"@type\":\"ImageObject\",\"inLanguage\":\"pt-BR\",\"@id\":\"https:\\\/\\\/associacaoasas.org.br\\\/#\\\/schema\\\/logo\\\/image\\\/\",\"url\":\"https:\\\/\\\/associacaoasas.org.br\\\/wp-content\\\/uploads\\\/2025\\\/10\\\/Gemini_Generated_Image_6p3dl46p3dl46p3d-removebg-preview-2.png\",\"contentUrl\":\"https:\\\/\\\/associacaoasas.org.br\\\/wp-content\\\/uploads\\\/2025\\\/10\\\/Gemini_Generated_Image_6p3dl46p3dl46p3d-removebg-preview-2.png\",\"width\":566,\"height\":440,\"caption\":\"PORTAL ASAS\"},\"image\":{\"@id\":\"https:\\\/\\\/associacaoasas.org.br\\\/#\\\/schema\\\/logo\\\/image\\\/\"}}]}<\/script>\n<!-- \/ Yoast SEO plugin. -->","yoast_head_json":{"title":"Transpar\u00eancia - PORTAL ASAS","robots":{"index":"index","follow":"follow","max-snippet":"max-snippet:-1","max-image-preview":"max-image-preview:large","max-video-preview":"max-video-preview:-1"},"canonical":"https:\/\/associacaoasas.org.br\/index.php\/transparencia\/","og_locale":"pt_BR","og_type":"article","og_title":"Transpar\u00eancia - PORTAL ASAS","og_description":"Portal da Transpar\u00eancia Institucional da Associa\u00e7\u00e3o ASAS A Associa\u00e7\u00e3o ASAS opera com total transpar\u00eancia junto aos \u00f3rg\u00e3os p\u00fablicos, envolvendo conduta dentro do c\u00f3digo de \u00e9tica estipulado pelo contratante, monitoramento e acompanhamento de todas as etapas dos trabalhos executados, de modo a que a popula\u00e7\u00e3o e a sa\u00fade p\u00fablica possa acompanhar nossas a\u00e7\u00f5es. Relat\u00f3rios e presta\u00e7\u00f5es [&hellip;]","og_url":"https:\/\/associacaoasas.org.br\/index.php\/transparencia\/","og_site_name":"PORTAL ASAS","article_modified_time":"2026-04-10T21:09:15+00:00","og_image":[{"width":747,"height":750,"url":"https:\/\/associacaoasas.org.br\/wp-content\/uploads\/2025\/11\/BANNER-QUADRADO-PINHEIRAL_files.png","type":"image\/png"}],"twitter_card":"summary_large_image","twitter_misc":{"Est. tempo de leitura":"2 minutos"},"schema":{"@context":"https:\/\/schema.org","@graph":[{"@type":"WebPage","@id":"https:\/\/associacaoasas.org.br\/index.php\/transparencia\/","url":"https:\/\/associacaoasas.org.br\/index.php\/transparencia\/","name":"Transpar\u00eancia - PORTAL ASAS","isPartOf":{"@id":"https:\/\/associacaoasas.org.br\/#website"},"primaryImageOfPage":{"@id":"https:\/\/associacaoasas.org.br\/index.php\/transparencia\/#primaryimage"},"image":{"@id":"https:\/\/associacaoasas.org.br\/index.php\/transparencia\/#primaryimage"},"thumbnailUrl":"https:\/\/associacaoasas.org.br\/wp-content\/uploads\/2025\/11\/BANNER-QUADRADO-PINHEIRAL_files.png","datePublished":"2025-10-18T03:12:27+00:00","dateModified":"2026-04-10T21:09:15+00:00","breadcrumb":{"@id":"https:\/\/associacaoasas.org.br\/index.php\/transparencia\/#breadcrumb"},"inLanguage":"pt-BR","potentialAction":[{"@type":"ReadAction","target":["https:\/\/associacaoasas.org.br\/index.php\/transparencia\/"]}]},{"@type":"ImageObject","inLanguage":"pt-BR","@id":"https:\/\/associacaoasas.org.br\/index.php\/transparencia\/#primaryimage","url":"https:\/\/associacaoasas.org.br\/wp-content\/uploads\/2025\/11\/BANNER-QUADRADO-PINHEIRAL_files.png","contentUrl":"https:\/\/associacaoasas.org.br\/wp-content\/uploads\/2025\/11\/BANNER-QUADRADO-PINHEIRAL_files.png","width":747,"height":750},{"@type":"BreadcrumbList","@id":"https:\/\/associacaoasas.org.br\/index.php\/transparencia\/#breadcrumb","itemListElement":[{"@type":"ListItem","position":1,"name":"In\u00edcio","item":"https:\/\/associacaoasas.org.br\/"},{"@type":"ListItem","position":2,"name":"Transpar\u00eancia"}]},{"@type":"WebSite","@id":"https:\/\/associacaoasas.org.br\/#website","url":"https:\/\/associacaoasas.org.br\/","name":"PORTAL ASAS","description":"","publisher":{"@id":"https:\/\/associacaoasas.org.br\/#organization"},"potentialAction":[{"@type":"SearchAction","target":{"@type":"EntryPoint","urlTemplate":"https:\/\/associacaoasas.org.br\/?s={search_term_string}"},"query-input":{"@type":"PropertyValueSpecification","valueRequired":true,"valueName":"search_term_string"}}],"inLanguage":"pt-BR"},{"@type":"Organization","@id":"https:\/\/associacaoasas.org.br\/#organization","name":"PORTAL ASAS","url":"https:\/\/associacaoasas.org.br\/","logo":{"@type":"ImageObject","inLanguage":"pt-BR","@id":"https:\/\/associacaoasas.org.br\/#\/schema\/logo\/image\/","url":"https:\/\/associacaoasas.org.br\/wp-content\/uploads\/2025\/10\/Gemini_Generated_Image_6p3dl46p3dl46p3d-removebg-preview-2.png","contentUrl":"https:\/\/associacaoasas.org.br\/wp-content\/uploads\/2025\/10\/Gemini_Generated_Image_6p3dl46p3dl46p3d-removebg-preview-2.png","width":566,"height":440,"caption":"PORTAL ASAS"},"image":{"@id":"https:\/\/associacaoasas.org.br\/#\/schema\/logo\/image\/"}}]}},"_hostinger_reach_plugin_has_subscription_block":false,"_hostinger_reach_plugin_is_elementor":false,"_links":{"self":[{"href":"https:\/\/associacaoasas.org.br\/index.php\/wp-json\/wp\/v2\/pages\/76","targetHints":{"allow":["GET"]}}],"collection":[{"href":"https:\/\/associacaoasas.org.br\/index.php\/wp-json\/wp\/v2\/pages"}],"about":[{"href":"https:\/\/associacaoasas.org.br\/index.php\/wp-json\/wp\/v2\/types\/page"}],"author":[{"embeddable":true,"href":"https:\/\/associacaoasas.org.br\/index.php\/wp-json\/wp\/v2\/users\/1"}],"replies":[{"embeddable":true,"href":"https:\/\/associacaoasas.org.br\/index.php\/wp-json\/wp\/v2\/comments?post=76"}],"version-history":[{"count":226,"href":"https:\/\/associacaoasas.org.br\/index.php\/wp-json\/wp\/v2\/pages\/76\/revisions"}],"predecessor-version":[{"id":1740,"href":"https:\/\/associacaoasas.org.br\/index.php\/wp-json\/wp\/v2\/pages\/76\/revisions\/1740"}],"wp:attachment":[{"href":"https:\/\/associacaoasas.org.br\/index.php\/wp-json\/wp\/v2\/media?parent=76"}],"curies":[{"name":"wp","href":"https:\/\/api.w.org\/{rel}","templated":true}]}}